{"id":1729,"date":"2022-09-19T10:44:05","date_gmt":"2022-09-19T10:44:05","guid":{"rendered":"https:\/\/www.shopconstructmaracineni.ro\/?page_id=1729"},"modified":"2022-09-19T10:44:06","modified_gmt":"2022-09-19T10:44:06","slug":"livrare-si-plata","status":"publish","type":"page","link":"https:\/\/www.shopconstructmaracineni.ro\/en\/livrare-si-plata\/","title":{"rendered":"LIVRARE SI PLATA"},"content":{"rendered":"<p><strong>LIVRARE<\/strong><\/p>\n\n\n\n<p><strong>\u2666 Prin curier, la alegerea clientului.<\/strong><\/p>\n\n\n\n<p><strong>\u2666 Distributie proprie, in functie de zona in care se afla clientul si timpul de livrare dorit.<\/strong><\/p>\n\n\n\n<p><em>Termenul aproximativ de livrare va fi comunicat \u00een momentul confirm\u0103rii telefonice a comenzii.<\/em><\/p>\n\n\n\n<p><em>Taxa de livrare se aplica in functie de volumul produselor din comanda, indiferent de valoarea comenzii, si difera de la o categorie la alta si se va comunica in discutia finala cu reprezentantul firmei.<\/em><\/p>\n\n\n\n<p><strong>\u2666 Produsele&nbsp;comandate se pot ridica de la sediu Auto General Motor SA, incinta Magazinului Shop Construct Maracineni.<\/strong><\/p>\n\n\n\n<p><strong>Modalitati de plata<\/strong><strong><\/strong><\/p>\n\n\n\n<p><strong>\u2666 Plata la livrare<\/strong><\/p>\n\n\n\n<p>Puteti pl\u0103ti contravaloarea produselor \u00een momentul \u00een care ridicati coletul&nbsp; de la curier.<\/p>\n\n\n\n<p><strong>\u2666 Prin transfer bancar<\/strong><\/p>\n\n\n\n<p>\u00cen momentul \u00een care se&nbsp; finalizeaza comanda veti fi contactat de unul dintre colegii nostri, impreuna veti conveni asupra unei metode de plata. Iar in cazul transferului bancar veti primi un e-mail cu datele necesare efectuarii acestuia, adic\u0103 num\u0103rul nostru de cont \u00een care puteti apoi s\u0103 depuneti contravaloarea produselor fie prin ordin de plat\u0103 la sediul b\u0103ncii sau prin internet banking. Comanda nu va fi procesat\u0103 dec\u00e2t \u00een momentul in care avem confirmarea pl\u0103\u021bii.<\/p>","protected":false},"excerpt":{"rendered":"<p>LIVRARE \u2666 Prin curier, la alegerea clientului. \u2666 Distributie proprie, in functie de zona in care se afla clientul si timpul de livrare dorit. Termenul aproximativ de livrare va fi comunicat \u00een momentul confirm\u0103rii telefonice a comenzii. Taxa de livrare se aplica in functie de volumul produselor din comanda, indiferent de valoarea comenzii, si difera [&hellip;]<\/p>\n","protected":false},"author":1,"featured_media":0,"parent":0,"menu_order":0,"comment_status":"closed","ping_status":"closed","template":"","meta":{"footnotes":""},"class_list":["post-1729","page","type-page","status-publish","hentry"],"jetpack_sharing_enabled":true,"_links":{"self":[{"href":"https:\/\/www.shopconstructmaracineni.ro\/en\/wp-json\/wp\/v2\/pages\/1729","targetHints":{"allow":["GET"]}}],"collection":[{"href":"https:\/\/www.shopconstructmaracineni.ro\/en\/wp-json\/wp\/v2\/pages"}],"about":[{"href":"https:\/\/www.shopconstructmaracineni.ro\/en\/wp-json\/wp\/v2\/types\/page"}],"author":[{"embeddable":true,"href":"https:\/\/www.shopconstructmaracineni.ro\/en\/wp-json\/wp\/v2\/users\/1"}],"replies":[{"embeddable":true,"href":"https:\/\/www.shopconstructmaracineni.ro\/en\/wp-json\/wp\/v2\/comments?post=1729"}],"version-history":[{"count":1,"href":"https:\/\/www.shopconstructmaracineni.ro\/en\/wp-json\/wp\/v2\/pages\/1729\/revisions"}],"predecessor-version":[{"id":1730,"href":"https:\/\/www.shopconstructmaracineni.ro\/en\/wp-json\/wp\/v2\/pages\/1729\/revisions\/1730"}],"wp:attachment":[{"href":"https:\/\/www.shopconstructmaracineni.ro\/en\/wp-json\/wp\/v2\/media?parent=1729"}],"curies":[{"name":"wp","href":"https:\/\/api.w.org\/{rel}","templated":true}]}}