{"id":1733,"date":"2022-09-19T10:59:30","date_gmt":"2022-09-19T10:59:30","guid":{"rendered":"https:\/\/www.shopconstructmaracineni.ro\/?page_id=1733"},"modified":"2022-09-19T10:59:30","modified_gmt":"2022-09-19T10:59:30","slug":"termeni-si-conditii","status":"publish","type":"page","link":"https:\/\/www.shopconstructmaracineni.ro\/en\/termeni-si-conditii\/","title":{"rendered":"Termeni si conditii"},"content":{"rendered":"<p>TERMENI SI CONDITII<\/p>\n\n\n\n<p><strong>1. DEFINI\u021aII \u0218I TERMENI<\/strong><\/p>\n\n\n\n<p><strong>V\u00e2nz\u0103tor<\/strong>&nbsp;\u2013 SC AUTO GENERAL MOTOR SA , o societate comercial\u0103 \u00eenfiin\u021bat\u0103 \u00een conformitate cu legea rom\u00e2n\u0103, cu sediul \u00een Sat Argeselu, DN73, Nr.487, Com. Maracineni, Jud. Arges, \u00eenregistrat\u0103 la Registrul Comer\u021bului cu nr. J03\/378\/1991, cod unic de identificare 198073 , atribut fiscal RO <strong>cont nr.<\/strong> RO88BTRLRONCRT0PA3689201, deschis la Banca Transilvania.<br>&nbsp;<br><strong>Cump\u0103r\u0103tor<\/strong>&nbsp;\u2013 persoan\u0103 fizic\u0103 \/ persoan\u0103 juridic\u0103 sau orice entitate juridic\u0103 care \u00ee\u0219i face un Cont \u00een Site \u0219i efectueaz\u0103 o Comand\u0103.<br>&nbsp;<br><strong>Client<\/strong>&nbsp;\u2013 persoan\u0103 fizic\u0103 \/ persoan\u0103 juridic\u0103 care are sau ob\u021bine acces la CON\u021aINUT, prin orice mijloc de comunicare pus la dispozi\u021bie de c\u0103tre V\u00e2nz\u0103tor (electronic, telefonic, etc) sau \u00een baza unui acord de utilizare existent \u00eentre V\u00e2nz\u0103tor \u0219i acesta \u0219i care necesit\u0103 crearea \u0219i utilizarea unui CONT.<br>&nbsp;<br><strong>Cont<\/strong>&nbsp;\u2013 sec\u021biunea din Site format\u0103 dintr-o adresa de e-mail \u0219i o parola care permite Cump\u0103r\u0103torului transmiterea Comenzii \u0219i care con\u021bine informa\u021bii despre Client\/Cump\u0103r\u0103tor \u0219i istoricul Cump\u0103r\u0103torului \u00een Site (Comenzi, facturi fiscale, garan\u021bii Bunuri, etc.).<br>&nbsp;<br><strong>Site<\/strong>&nbsp;\u2013 domeniul www.shopconstructmaracineni.ro \u0219i subdomeniile acestuia.<br>&nbsp;<br><strong>Comanda<\/strong>&nbsp;\u2013 un document electronic ce intervine ca form\u0103 de comunicare \u00eentre V\u00e2nz\u0103tor \u0219i Cump\u0103r\u0103tor prin care Cump\u0103r\u0103torul transmite V\u00e2nz\u0103torului, prin intermediul Site-ului inten\u021bia sa de a achizi\u021biona Bunuri de pe Site.<br>&nbsp;<br><strong>Bunuri<\/strong>&nbsp;\u2013 orice produs care urmeaz\u0103 a fi furnizat de c\u0103tre V\u00e2nz\u0103tor Cump\u0103r\u0103torului ca urmare a Contractului \u00eencheiat.<br>&nbsp;<br><strong>Campanie<\/strong>&nbsp;\u2013 ac\u021biunea de a expune \u00een scop comercial, un num\u0103r finit de Bunuri av\u00e2nd un stoc limitat \u0219i predefinit, pentru o perioad\u0103 limitat\u0103 de timp stabilit\u0103 de c\u0103tre V\u00e2nz\u0103tor.<br>&nbsp;<br><strong>Contract<\/strong>&nbsp;\u2013 reprezint\u0103 contractul la distan\u021b\u0103 \u00eencheiat \u00eentre V\u00e2nz\u0103tor \u0219i Cump\u0103r\u0103tor, f\u0103r\u0103 prezen\u021ba fizic\u0103 simultan\u0103 a V\u00e2nz\u0103torului \u0219i a Cump\u0103r\u0103torului.<br>&nbsp;<br><strong>Con\u021binut<\/strong><br>&nbsp;<br>\u2022 toate informa\u021biile de pe Site care pot fi vizitate, vizualizate sau altfel accesate prin utilizarea unui echipament&nbsp;electronic;<br>\u2022 con\u021binutul oric\u0103rui e-mail trimis Cump\u0103r\u0103torilor de c\u0103tre V\u00e2nz\u0103tor prin mijloace electronice \u0219i\/sau orice alt mijloc de comunicare disponibil;<br>\u2022 orice informa\u021bie comunicat\u0103 prin orice mijloc de c\u0103tre un angajat\/colaborator al V\u00e2nz\u0103torului, Cump\u0103r\u0103torului, conform informa\u021biilor de contactare, specificate sau nu de c\u0103tre acesta;<br>\u2022 informa\u021bii legate de Bunurile \u0219i\/sau tarifele practicate de V\u00e2nz\u0103tor \u00eentr-o anumit\u0103 perioad\u0103;<br>\u2022 informa\u021bii legate de Bunurile \u0219i\/sau tarifele practicate de c\u0103tre un ter\u021b cu care V\u00e2nz\u0103torul are \u00eencheiate contracte de parteneriat, \u00eentr-o anumit\u0103 perioad\u0103;<br>\u2022 date referitoare la V\u00e2nz\u0103tor, sau alte date ale acestuia.<\/p>\n\n\n\n<p><strong>Document<\/strong>&nbsp;\u2013 prezentele Termene si Conditii.<br>&nbsp;<br><strong>Newsletter<\/strong>&nbsp;\u2013 mijloc de informare periodic, exclusiv electronic, respectiv posta electronica (e-mail, SMS) asupra Bunurilor si\/sau a promotiilor desfasurate de Vanzator intr-o anumita perioada, fara niciun angajament din partea Vanzatorului cu referire la informatiile continute de acesta.<br>&nbsp;<br><strong>Tranzactie<\/strong>&nbsp;\u2013 incasarea sau rambursarea unei sume rezultata din vanzarea unui Bun de catre Vanzator, Cumparatorului<br>&nbsp;<br><strong>Specifica\u021bii<\/strong>&nbsp;\u2013 toate specifica\u021biile \u0219i\/sau descrierile Bunurilor a\u0219a cum sunt precizate \u00een descrierea acestora.<br>&nbsp;<br><strong>2. DOCUMENTE CONTRACTUALE<\/strong><\/p>\n\n\n\n<p>2.1. Prin \u00eenregistrarea unei Comenzi pe Site, Cump\u0103r\u0103torul este de acord cu forma de comunicare (telefonic sau e-mail) prin care V\u00e2nz\u0103torul \u00ee\u0219i deruleaz\u0103 opera\u021biunile comerciale.<br>&nbsp;<br>2.2. Notificarea primit\u0103 de c\u0103tre Cump\u0103r\u0103tor, dupa efectuarea Comenzii are rol de informare \u0219i nu reprezint\u0103 acceptarea Comenzii. Aceasta notificare se face electronic (e-mail) sau telefonic.<br>&nbsp;<br>2.3. Pentru motive justificate, V\u00e2nz\u0103torul \u00ee\u0219i rezerv\u0103 dreptul de a modifica cantitatea Bunurilor din Comand\u0103. Dac\u0103 modific\u0103 cantitatea de Bunuri din Comand\u0103 va anun\u021ba Cump\u0103r\u0103torul la adresa de e-mail sau la num\u0103rul de telefon puse la dispozi\u021bia V\u00e2nz\u0103torului la efectuarea Comenzii \u0219i va returna suma achitat\u0103.<br>&nbsp;<br>2.4. Contractul se consider\u0103 \u00eencheiat \u00eentre V\u00e2nz\u0103tor \u0219i Cump\u0103r\u0103tor \u00een momentul primirii de c\u0103tre Cump\u0103r\u0103tor de la V\u00e2nz\u0103tor, prin intermediul po\u0219tei electronice \u0219i\/sau SMS a notific\u0103rii de expediere a Comenzii.<br>&nbsp;<br>2.5. Documentul \u0219i informa\u021biile puse la dispozi\u021bie de c\u0103tre V\u00e2nz\u0103tor pe Site vor sta la baza Contractului.<br>&nbsp;<br><strong>3.&nbsp; POLITICA DE V\u00c2NZARE ONLINE<\/strong><\/p>\n\n\n\n<p>3.1. Accesul \u00een vederea efectu\u0103rii unei Comenzii \u00eei este permis oric\u0103rui Client\/Cump\u0103r\u0103tor.<br>Pentru motive justificate V\u00e2nz\u0103torul \u00ee\u0219i rezerv\u0103 dreptul de a restric\u021biona accesul Clientului\/Cump\u0103r\u0103torului \u00een vederea efectu\u0103rii unei Comenzi \u0219i\/sau la unele din modalit\u0103\u021bile de plat\u0103 acceptate, \u00een cazul \u00een care consider\u0103 c\u0103 \u00een baza conduitei sau a activit\u0103\u021bii Clientului\/Cump\u0103r\u0103torului pe Site, ac\u021biunile acestuia ar putea prejudicia \u00een vreun fel V\u00e2nz\u0103torul. \u00cen oricare dintre aceste cazuri, Clientul\/Cump\u0103r\u0103torul se poate adresa V\u00e2nz\u0103torului, pentru a fi informat cu privire la motivele care au condus la aplicarea m\u0103surilor sus men\u021bionate.<br>&nbsp;<br>3.2. Comunicarea cu V\u00e2nz\u0103torul se poate realiza prin interac\u021biunea cu acesta, postarea opiniilor vizavi de Bunuri sau comunicarea prin adresele men\u021bionate la sectiunea \u201ccontact\u201d din Site. Vor fi excluse din Site sau ignorate, p\u0103reri sau adres\u0103ri ce con\u021bin injurii sau un limbaj neadecvat. V\u00e2nz\u0103torul are libertatea de a gestiona informa\u021biile primite f\u0103r\u0103 a fi nevoit s\u0103 aduc\u0103 justific\u0103ri pentru aceastea.<br>&nbsp;<br>3.3. \u00cen cazul unui volum de trafic neobi\u0219nuit de mare provenit din partea unei re\u021bele de internet, V\u00e2nz\u0103torul \u00ee\u0219i rezerv\u0103 dreptul de a cere Clien\u021bilor\/Cump\u0103r\u0103torilor introducerea manual\u0103 a codurilor de validare de tip captcha, \u00een vederea protej\u0103rii informa\u021biei din cadrul Site-ului.<br>&nbsp;<br>3.4. V\u00e2nz\u0103torul poate publica pe Site informa\u021bii despre Bunuri \u0219i\/sau promo\u021bii practicate de c\u0103tre acesta sau de c\u0103tre oricare alt ter\u021b cu care V\u00e2nz\u0103torul are \u00eencheiate contracte de parteneriat, \u00eentr-o anumit\u0103 perioad\u0103 de timp \u0219i \u00een limita stocului disponibil.<br>&nbsp;<br>3.5. Toate tarifele aferente Bunurilor prezentate pe Site sunt exprimate \u00een lei (RON) \u0219i includ T.V.A.<br>&nbsp;<br>3.6. \u00cen cazul pl\u0103\u021bilor online V\u00e2nz\u0103torul nu este\/nu poate fi f\u0103cut responsabil pentru niciun alt cost suplimentar suportat de Cump\u0103r\u0103tor, incluz\u00e2nd dar nelimit\u00e2ndu-se la comisioane de conversie valutar\u0103 aplicate de c\u0103tre banca emitent\u0103 a cardului acestuia, \u00een cazul \u00een care moneda de emitere a acestuia difer\u0103 de RON. Responsabilitatea pentru aceast\u0103 ac\u021biune o poart\u0103 numai Cump\u0103r\u0103torul.<br>&nbsp;<br>3.7. Toate informa\u021biile folosite pentru descrierea Bunurilor disponibile pe Site (imagini statice \/ dinamice \/ prezent\u0103ri multimedia \/ etc.) nu reprezint\u0103 o obliga\u021bie contractual\u0103 din partea V\u00e2nz\u0103torului, acestea fiind utilizate exclusiv cu titlu de prezentare.<br>&nbsp;<br><strong>4. CESIONAREA \u0218I SUBCONTRACTAREA<\/strong><\/p>\n\n\n\n<p>V\u00e2nz\u0103torul poate cesiona \u0219i\/sau subcontracta o ter\u021b\u0103 parte pentru Servicii ce \u021bin de onorarea Comenzii, cu informarea Cump\u0103r\u0103torului, nefiind necesar acordul acestuia. V\u00e2nz\u0103torul va fi \u00eentotdeauna responsabil fa\u021b\u0103 de Cump\u0103r\u0103tor pentru toate obliga\u021biile contractuale.<br>&nbsp;<br><strong>5. DREPTUL DE PROPRIETATE INTELECTUAL\u0102 \u0218I INDUSTRIAL\u0102<\/strong><\/p>\n\n\n\n<p>5.1. Con\u021binutul, astfel cum este definit \u00een preambul, incluz\u00e2nd dar nelimit\u00e2ndu-se la logo-uri, reprezent\u0103ri stilizate, simboluri comerciale, imagini statice, imagini dinamice, text \u0219i\/sau con\u021binut multimedia prezentate pe Site, sunt proprietatea exclusiv\u0103 a V\u00e2nz\u0103torului, acestuia fiindu-i rezervate toate drepturile ob\u021binute \u00een acest sens \u00een mod direct sau indirect (prin licen\u021be de utilizare \u0219i\/sau publicare).<br>&nbsp;<br>5.2. Clientului\/Cump\u0103r\u0103torului nu \u00eei este permis\u0103 copierea, distribuirea, publicarea, transferul c\u0103tre ter\u021be p\u0103rti, modificarea \u0219i\/sau altfel alterarea, utilizarea, legarea la, expunerea, includerea oric\u0103rui Con\u021binut \u00een orice alt context dec\u00e2t cel original inten\u021bionat de V\u00e2nz\u0103tor, includerea oric\u0103rui Con\u021binut \u00een afara Site-ului, \u00eendep\u0103rtarea \u00eensemnelor care semnific\u0103 dreptul de autor al V\u00e2nz\u0103torului asupra Con\u021binutului precum \u0219i participarea la transferul, v\u00e2nzarea, distribu\u021bia unor materiale realizate prin reproducerea, modificarea sau afi\u0219area Con\u021binutului, dec\u00e2t cu acordul scris expres al V\u00e2nz\u0103torului.<br>&nbsp;<br>5.3. Orice Con\u021binut la care Clientul\/Cump\u0103r\u0103torul are \u0219i\/sau ob\u021bine acces prin orice mijloc, se afl\u0103 sub inciden\u021ba Documentului, \u00een cazul \u00een care Con\u021binutul nu este \u00eenso\u021bit de un acord de utilizare specific \u0219i valid \u00eencheiat \u00eentre V\u00e2nz\u0103tor \u0219i acesta, \u0219i f\u0103r\u0103 nicio garan\u021bie implicit sau expres formulat\u0103 din partea V\u00e2nz\u0103torului cu referire la acel Con\u021binut.<br>&nbsp;<br>5.4. Clientul\/Cump\u0103r\u0103torul poate copia, transfera \u0219i\/sau utiliza Con\u021binut numai \u00een scopuri personale sau non-comerciale, numai \u00een cazul \u00een care acestea nu intr\u0103 \u00een conflict cu prevederile Documentului.<br>&nbsp;<br>5.5. \u00cen cazul \u00een care V\u00e2nz\u0103torul confer\u0103 Clientului\/Cump\u0103r\u0103torului dreptul de a utiliza sub forma descris\u0103 \u00eentr-un acord de utilizare distinct, un anumit con\u021binut, la care Clientul\/Cump\u0103r\u0103torul are sau ob\u021bine acces \u00een urma acestui acord, acest drept se extinde numai asupra acelui sau acelor con\u021binuturi definite \u00een acord, numai pe perioada existen\u021bei acestuia sau acestor con\u021binuturi pe site sau a perioadei definite \u00een acord, conform condi\u021biilor definite, \u00een cazul \u00een care acestea exista \u0219i nu reprezint\u0103 un angajament contractual din partea V\u00e2nz\u0103torului pentru respectivul Client\/Cump\u0103r\u0103tor sau oricare alt tert care are\/ob\u021bine acces la acest con\u021binut transferat, prin orice mijloc \u0219i care ar putea fi sau este prejudiciat \u00een orice mod de pe urma acestui con\u021binut, \u00een timpul sau dup\u0103 expirarea acordului de utilizare.<br>&nbsp;<br>5.6. Niciun Con\u021binut transmis c\u0103tre Client sau Cump\u0103r\u0103tor, prin orice mijloc de comunicare (electronic, telefonic, etc) sau dob\u00e2ndit de acesta prin accesare, vizitare \u0219i\/sau vizualizare nu constituie o obliga\u021bie contractual\u0103 din partea V\u00e2nz\u0103torului \u0219i\/sau al angajatului\/prepusului V\u00e2nz\u0103tor care a mijlocit transferul de Con\u021binut, \u00een cazul \u00een care acesta exist\u0103, fa\u021b\u0103 de respectivul con\u021binut.<br>&nbsp;<br>5.7. Este interzis\u0103 orice utilizare a Con\u021binutului \u00een alte scopuri dec\u00e2t cele permise expres prin prezentul Document sau de acordul de utilizare care \u00eel \u00eenso\u021beste, \u00een cazul \u00een care acesta exist\u0103.<br>&nbsp;<br><strong>6. COMANDA<\/strong><\/p>\n\n\n\n<p>6.1. Clientul\/Cump\u0103r\u0103torul poate efectua Comenzi pe Site, prin ad\u0103ugarea Bunurilor dorite \u00een co\u0219ul de cump\u0103r\u0103turi, urm\u00e2nd a finaliza Comanda, iar ulterior va fi contactat de Vanzator pentru a stabili impreuna metoda de plata si de livrare a produselor. Odat\u0103 ad\u0103ugat \u00een co\u0219ul de cump\u0103r\u0103turi, un Bun este disponibil pentru achizi\u021bie \u00een m\u0103sura \u00een care exist\u0103 stoc disponibil pentru acesta. Ad\u0103ugarea unui Bun \u00een co\u0219ul de cump\u0103r\u0103turi, \u00een lipsa finaliz\u0103rii Comenzii, nu atrage dup\u0103 sine \u00eenregistrarea unei comenzi, implicit nici rezervarea automat\u0103 a Bunului.<br>&nbsp;<br>6.2. Prin finalizarea Comenzii Cump\u0103r\u0103torul consimte ca toate datele furnizate de acesta, necesare procesului de cump\u0103rare, sunt corecte, complete \u0219i adev\u0103rate la data plas\u0103rii Comenzii.<br>&nbsp;<br>6.3. Prin finalizarea Comenzii, Cump\u0103r\u0103torul consimte c\u0103 V\u00e2nz\u0103torul poate s\u0103 \u00eel contacteze, prin orice mijloc disponibil \/ agreat de V\u00e2nz\u0103tor, \u00een orice situa\u021bie \u00een care este necesar\u0103 contactarea Cump\u0103r\u0103torului.<br>&nbsp;<br>6.4. V\u00e2nz\u0103torul poate anula Comanda efectuat\u0103 de c\u0103tre Cump\u0103r\u0103tor, \u00een urma unei notific\u0103ri prealabile adresate Cump\u0103r\u0103torului, f\u0103r\u0103 nicio obliga\u021bie ulterioar\u0103 a vreunei par\u021bi fa\u021b\u0103 de cealalt\u0103 sau f\u0103r\u0103 ca vreo parte s\u0103 poat\u0103 s\u0103 pretind\u0103 celeilalte daune-interese \u00een urm\u0103toarele cazuri:<br>&nbsp;<br>6.4.1. neefectuarea tranzac\u021biei, \u00een cazul pl\u0103\u021bii prin instrument de plata;<br>&nbsp;<br>6.4.2. neachitarea produselor, \u00een cazul platilor cu numerar;<br>&nbsp;<br>6.4.3. datele furnizate de c\u0103tre Client\/Cump\u0103r\u0103tor, pe Site sunt incomplete \u0219i\/sau incorecte;<br>&nbsp;<br>6.5. \u00cen cazul \u00een care un Bun comandat de c\u0103tre Cump\u0103r\u0103tor, nu poate fi livrat de c\u0103tre V\u00e2nz\u0103tor, acesta din urm\u0103 va informa Clientul\/Cump\u0103r\u0103torul asupra acestui fapt \u0219i va returna \u00een contul Cump\u0103r\u0103torului contravaloarea Bunului, \u00een termen de maxim 7 (\u0219apte) zile de la data la care V\u00e2nz\u0103torul a luat la cuno\u0219tin\u021b\u0103 acest fapt sau de la data la care Cump\u0103r\u0103torul \u0219i-a exprimat \u00een mod expres inten\u021bia de reziliere a Contractului.<br>&nbsp;<br><strong>7. CONFIDEN\u021aIALITATE<\/strong><\/p>\n\n\n\n<p>7.1. Informa\u021biile de orice natur\u0103 furnizate de c\u0103tre Cump\u0103r\u0103tor\/Client V\u00e2nz\u0103torului, vor r\u0103m\u00e2ne \u00een proprietatea V\u00e2nz\u0103torului.<br>&nbsp;<br>7.2. Nicio declara\u021bie public\u0103, promovare, comunicat de pres\u0103 sau orice alt mod de dezv\u0103luire c\u0103tre ter\u021be p\u0103r\u021bi nu va fi f\u0103cut\u0103 de Cump\u0103r\u0103tor\/Client cu privire la Comand\u0103\/Contract f\u0103r\u0103 consim\u021b\u0103m\u00e2ntul prealabil scris al V\u00e2nz\u0103torului.<br>&nbsp;<br>7.3. Prin transmiterea de informa\u021bii sau materiale prin intermediul acestui site, oferi\u021bi V\u00e2nz\u0103torului acces nerestric\u021bionat \u0219i irevocabil la acestea, dreptul de a utiliza, reproduce, afi\u0219a, modifica, transmite \u0219i distribui aceste materiale sau informa\u021bii. Sunte\u021bi, de asemenea, de acord ca V\u00e2nz\u0103torul s\u0103 poat\u0103 utiliza liber, \u00een interes propriu, aceste idei, concepte, know-how-uri sau tehnici pe care ni le-a\u021bi trimis prin intermediul Site-ului.&nbsp; V\u00e2nz\u0103torul nu va constitui subiect de obliga\u021bii referitoare la confiden\u021bialitatea informa\u021biilor trimise, dac\u0103 legisla\u021bia \u00een vigoare nu prevede alte specific\u0103ri \u00een acest sens.<br>&nbsp;<br>7.4. Prin \u00eenscrierea \u00een baza de date a V\u00e2nz\u0103torului, Clientul\/Cump\u0103r\u0103torul \u00ee\u0219i ofer\u0103 consim\u021b\u0103m\u00e2ntul expres, \u00een limitele legisla\u021biei \u00een vigoare, de a fi contactat de c\u0103tre ter\u021bi, parteneri ai V\u00e2nz\u0103torului: furnizori de servicii de marketing, al\u021bi furnizori de servicii; agen\u021bii de stat, guvernamentale sau asocia\u021bii din domeniul asigur\u0103rilor, atunci c\u00e2nd legisla\u021bia specific\u0103 prevede acest lucru; alte companii cu care V\u00e2nz\u0103torul poate dezvolta programe comune de ofertare pe pia\u021b\u0103 a Bunurilor, etc.<br>&nbsp;<br><strong>8. FACTURARE \u2013 PLAT\u0102<\/strong><\/p>\n\n\n\n<p>8.1. Pre\u021burile Bunurilor afi\u0219ate \u00een cadrul site-ului www.shopconstructmaracineni.ro includ T.V.A. conform legisla\u021biei \u00een vigoare. Pre\u021burile nu con\u021bin taxele de livrare \u0219i ramburs. Taxele de livrare vor fi stabilite cu Vanzatorul in functie de variant aleasa de Cumparator \u0219i se vor reg\u0103si pe factura fiscal dupa caz.<br>&nbsp;<br>8.2. Pre\u021bul, modalitatea de plat\u0103 \u0219i termenul de plat\u0103 sunt specificate \u00een fiecare Comand\u0103. V\u00e2nz\u0103torul va emite c\u0103tre Cump\u0103r\u0103tor o factur\u0103 pentru Bunurile livrate, obliga\u021bia Cump\u0103r\u0103torului fiind s\u0103 furnizeze toate informa\u021biile necesare emiterii facturii conform cu legisla\u021bia \u00een vigoare.<br>&nbsp;<br>8.3. V\u00e2nz\u0103torul va transmite Cump\u0103r\u0103torului factura aferent\u0103 Comenzii ce con\u021bine Bunuri v\u00e2ndute de V\u00e2nz\u0103tor \u00een format electronic, prin po\u0219ta electronic\u0103, la adresa de e-mail men\u021bionat\u0103 de Cump\u0103r\u0103tor \u00een Contul s\u0103u sau in format fizic daca produsele se ridica din magazinul Vanzatorului sau se livreaza cu curier&nbsp; ori prin distributia Vanzatorului.<br>&nbsp;<br>8.4. Pentru o corecta comunicare a facturii aferente Comenzii, Cump\u0103r\u0103torului \u00eei revin obliga\u021biile de a-\u0219i actualiza ori de c\u00e2te ori este cazul datele din baza de date a Vanzatorului.<br>&nbsp;<br>8.5. Prin trimiterea Comenzii, Cump\u0103r\u0103torul \u00ee\u0219i exprim\u0103 acordul s\u0103 fie contactat de Vanzator si pentru a stabili informatiile legate de&nbsp; disponibilitate stoc, livrare, facturare.<br>&nbsp;<br><strong>9. LIVRAREA BUNURILOR<\/strong><\/p>\n\n\n\n<p>9.1. V\u00e2nz\u0103torul se oblig\u0103 s\u0103 livreze Bunurile \u00een conformitate cu metoda aleasa de Cumparator, ridicare magazin propriu, distributia proprie a Vanzatorului sau prin servicii de curierat.<br>&nbsp;<br>9.2. V\u00e2nz\u0103torul va asigura ambalarea corespunz\u0103toare a Bunurilor \u0219i va asigura transmiterea documentelor \u00eenso\u021bitoare.<br>&nbsp;<br>9.3. V\u00e2nz\u0103torul va efectua livrarea Bunurilor numai pe teritoriul Rom\u00e2niei.<br>&nbsp;<br>9.4. Detaliile de livrare a Bunurilor incluz\u00e2nd dar nelimit\u00e2ndu-se la timpul necesar livr\u0103rii nu constituie o obliga\u021bie contractual\u0103 din partea V\u00e2nz\u0103torului, f\u0103r\u0103 ca vreo parte s\u0103 poat\u0103 s\u0103 pretind\u0103 celeilalte daune-interese, \u00een cazul \u00een care oricare parte poate fi sau este prejudiciat\u0103 \u00een orice mod de pe urma \u00eenc\u0103lc\u0103rii acestora.<br>&nbsp;<br><strong>10. GARAN\u021aII<\/strong><br>&nbsp;<br>Toate Bunurile comercializate de c\u0103tre V\u00e2nz\u0103tor beneficiaz\u0103 de condi\u021bii de garan\u021bie conforme legisla\u021biei \u00een vigoare \u0219i politicilor comerciale ale produc\u0103torilor. Bunurile sunt noi, \u00een ambalajele originale \u0219i provin din surse autorizate.<br>&nbsp;<br><strong>11. TRANSFERUL PROPRIET\u0102\u021aII BUNURILOR<\/strong><br>&nbsp;<br>Proprietatea asupra Bunurilor va fi transferat\u0103 la livrare, dup\u0103 efectuarea pl\u0103\u021bii din partea Cump\u0103r\u0103torului \u00een loca\u021bia indicat\u0103 \u00een Comand\u0103 (\u00een\u021beleg\u00e2nd prin livrare \u2013 semnarea de primire a documentului de transport furnizat de curier sau semnarea de primire pe factura fiscal\u0103 \u00een cazul livr\u0103rilor efectuate de personalul V\u00e2nz\u0103torului).<br>&nbsp;<br><strong>12. R\u0102SPUNDERE<\/strong><br>&nbsp;<br>V\u00e2nz\u0103torul nu poate fi responsabil pentru daune de orice fel pe care Cump\u0103r\u0103torul sau oricare ter\u021b\u0103 parte o poate suferi ca rezultat al \u00eendeplinirii de c\u0103tre V\u00e2nz\u0103tor a oric\u0103rei din obliga\u021biile sale conform Comenzii \u0219i pentru daune care rezult\u0103 din utilizarea Bunurilor dup\u0103 livrare \u0219i \u00een special pentru pierderea&nbsp; acestora.<br>&nbsp;<br><strong>13. PRELUCRAREA DATELOR CU CARACTER PERSONAL<\/strong><br>&nbsp;<br>Pentru detalii privind modul in care Vanzatorul prelucreaza datele cu caracter personal in contextul accesarii si navigarii Site-ului, crearii de Conturi si achizitionarii de Bunuri, va rugam sa accesati Politica de confidentialitate&nbsp;<a href=\"https:\/\/letrico.ro\/politica-de-confidentialitate\" target=\"_blank\" rel=\"noopener\"><strong>aici<\/strong><\/a>.<br>&nbsp;<br><strong>14. FOR\u021a\u0102 MAJOR\u0102<\/strong><br>&nbsp;<br>14.1. Nici una din par\u021bi nu va fi r\u0103spunz\u0103toare pentru neexecutarea obliga\u021biilor sale contractuale, dac\u0103 o astfel de neexecutare la termen \u0219i\/sau \u00een mod corespunz\u0103tor, total sau par\u021bial este datorat\u0103 unui eveniment de for\u021b\u0103 major\u0103. For\u021ba major\u0103 este evenimentul imprevizibil, \u00een afara controlului p\u0103r\u021bilor \u0219i care nu poate fi evitat.<br>&nbsp;<br>14.2.&nbsp; Dac\u0103 \u00een termen de 15 (cincisprezece) zile de la data producerii lui, respectivul eveniment nu \u00eenceteaz\u0103 fiecare parte va avea dreptul s\u0103 notifice celeilalte p\u0103r\u021bi \u00eencetarea de plin drept a Contractului f\u0103r\u0103 ca vreuna dintre ele s\u0103 poat\u0103 pretinde celeilalte alte daune-interese.<br>&nbsp;<br><strong>15. LEGEA APLICABIL\u0102 \u2013 JURISDIC\u021aIA<\/strong><br>&nbsp;<br>Prezentul Contract este supus legii rom\u00e2ne. Eventualele litigii ap\u0103rute \u00eentre V\u00e2nz\u0103tor \u0219i Clien\u021bi \/ Cump\u0103r\u0103tori se vor rezolva pe cale amiabil\u0103 sau, \u00een cazul \u00een care aceasta nu va fi posibil\u0103, litigiile vor fi solu\u021bionate de instan\u021bele judec\u0103tore\u0219ti rom\u00e2ne competente din Judetul Arges.<br>&nbsp;<br><strong>17. ADAOS COMERCIAL<\/strong><br>&nbsp;<br>Acest magazin online practic\u0103 un adaos comercial \u00eentre 0 \u0219i 1000 %.<\/p>","protected":false},"excerpt":{"rendered":"<p>TERMENI SI CONDITII 1. DEFINI\u021aII \u0218I TERMENI V\u00e2nz\u0103tor&nbsp;\u2013 SC AUTO GENERAL MOTOR SA , o societate comercial\u0103 \u00eenfiin\u021bat\u0103 \u00een conformitate cu legea rom\u00e2n\u0103, cu sediul \u00een Sat Argeselu, DN73, Nr.487, Com. Maracineni, Jud. Arges, \u00eenregistrat\u0103 la Registrul Comer\u021bului cu nr. J03\/378\/1991, cod unic de identificare 198073 , atribut fiscal RO cont nr. RO88BTRLRONCRT0PA3689201, deschis la [&hellip;]<\/p>\n","protected":false},"author":1,"featured_media":0,"parent":0,"menu_order":0,"comment_status":"closed","ping_status":"closed","template":"","meta":{"footnotes":""},"class_list":["post-1733","page","type-page","status-publish","hentry"],"jetpack_sharing_enabled":true,"_links":{"self":[{"href":"https:\/\/www.shopconstructmaracineni.ro\/en\/wp-json\/wp\/v2\/pages\/1733","targetHints":{"allow":["GET"]}}],"collection":[{"href":"https:\/\/www.shopconstructmaracineni.ro\/en\/wp-json\/wp\/v2\/pages"}],"about":[{"href":"https:\/\/www.shopconstructmaracineni.ro\/en\/wp-json\/wp\/v2\/types\/page"}],"author":[{"embeddable":true,"href":"https:\/\/www.shopconstructmaracineni.ro\/en\/wp-json\/wp\/v2\/users\/1"}],"replies":[{"embeddable":true,"href":"https:\/\/www.shopconstructmaracineni.ro\/en\/wp-json\/wp\/v2\/comments?post=1733"}],"version-history":[{"count":1,"href":"https:\/\/www.shopconstructmaracineni.ro\/en\/wp-json\/wp\/v2\/pages\/1733\/revisions"}],"predecessor-version":[{"id":1734,"href":"https:\/\/www.shopconstructmaracineni.ro\/en\/wp-json\/wp\/v2\/pages\/1733\/revisions\/1734"}],"wp:attachment":[{"href":"https:\/\/www.shopconstructmaracineni.ro\/en\/wp-json\/wp\/v2\/media?parent=1733"}],"curies":[{"name":"wp","href":"https:\/\/api.w.org\/{rel}","templated":true}]}}