{"id":3457,"date":"2022-11-22T10:38:50","date_gmt":"2022-11-22T08:38:50","guid":{"rendered":"https:\/\/www.shopconstructmaracineni.ro\/?post_type=product&#038;p=3457"},"modified":"2023-03-10T15:34:44","modified_gmt":"2023-03-10T13:34:44","slug":"banda-autoadeziva-plasa-fibra-45m","status":"publish","type":"product","link":"https:\/\/www.shopconstructmaracineni.ro\/en\/magazin\/banda-autoadeziva-plasa-fibra-45m\/","title":{"rendered":"Banda autoadeziva plasa fibra 45m"},"content":{"rendered":"<p><strong>Specificatii tehnice<\/strong>:<br \/>\n&#8211; Material: Fibr\u0103 sticl\u0103<br \/>\n&#8211; Lungime: 45 m<br \/>\n&#8211; L\u0103\u0163ime: 50 mm<br \/>\n&#8211; Culoare: Alb<br \/>\n&#8211; Aderen\u021b\u0103 bun\u0103 la substrat<br \/>\n&#8211; Fabricat\u0103 din fibr\u0103 de sticl\u0103, pe care se poate aplica un strat de tencuial\u0103<br \/>\n&#8211; Banda adeziv\u0103 permite lipirea direct\u0103 pe perete<\/p>","protected":false},"excerpt":{"rendered":"<p>Band\u0103 autoadeziv\u0103 din fibr\u0103 de sticl\u0103 ce permite \u00eembinarea pl\u0103cilor de gips-carton \u0219i eliminarea fisurilor<\/p>","protected":false},"featured_media":4510,"comment_status":"open","ping_status":"closed","template":"","meta":[],"product_brand":[],"product_cat":[52],"product_tag":[106,105,398,397,98],"class_list":{"0":"post-3457","1":"product","2":"type-product","3":"status-publish","4":"has-post-thumbnail","6":"product_cat-feronerie","7":"product_tag-autoadeziva","8":"product_tag-banda","9":"product_tag-fibra-sticla","10":"product_tag-imbinare","11":"product_tag-plasa","13":"first","14":"instock","15":"taxable","16":"shipping-taxable","17":"purchasable","18":"product-type-simple"},"jetpack_sharing_enabled":true,"_links":{"self":[{"href":"https:\/\/www.shopconstructmaracineni.ro\/en\/wp-json\/wp\/v2\/product\/3457","targetHints":{"allow":["GET"]}}],"collection":[{"href":"https:\/\/www.shopconstructmaracineni.ro\/en\/wp-json\/wp\/v2\/product"}],"about":[{"href":"https:\/\/www.shopconstructmaracineni.ro\/en\/wp-json\/wp\/v2\/types\/product"}],"replies":[{"embeddable":true,"href":"https:\/\/www.shopconstructmaracineni.ro\/en\/wp-json\/wp\/v2\/comments?post=3457"}],"wp:featuredmedia":[{"embeddable":true,"href":"https:\/\/www.shopconstructmaracineni.ro\/en\/wp-json\/wp\/v2\/media\/4510"}],"wp:attachment":[{"href":"https:\/\/www.shopconstructmaracineni.ro\/en\/wp-json\/wp\/v2\/media?parent=3457"}],"wp:term":[{"taxonomy":"product_brand","embeddable":true,"href":"https:\/\/www.shopconstructmaracineni.ro\/en\/wp-json\/wp\/v2\/product_brand?post=3457"},{"taxonomy":"product_cat","embeddable":true,"href":"https:\/\/www.shopconstructmaracineni.ro\/en\/wp-json\/wp\/v2\/product_cat?post=3457"},{"taxonomy":"product_tag","embeddable":true,"href":"https:\/\/www.shopconstructmaracineni.ro\/en\/wp-json\/wp\/v2\/product_tag?post=3457"}],"curies":[{"name":"wp","href":"https:\/\/api.w.org\/{rel}","templated":true}]}}