{"id":3557,"date":"2022-11-22T10:39:04","date_gmt":"2022-11-22T08:39:04","guid":{"rendered":"https:\/\/www.shopconstructmaracineni.ro\/?post_type=product&#038;p=3557"},"modified":"2023-03-09T10:51:29","modified_gmt":"2023-03-09T08:51:29","slug":"ancora-met-clema-otel-l140-diametru-8","status":"publish","type":"product","link":"https:\/\/www.shopconstructmaracineni.ro\/en\/magazin\/ancora-met-clema-otel-l140-diametru-8\/","title":{"rendered":"Ancora metal clema otel L140, DIAMETRU 8"},"content":{"rendered":"<p>Brand: Ancorte<br \/>\n&#8211; diametru: M8<br \/>\n&#8211; lungime: 140mm<br \/>\n&#8211; pentru aplicatii de fixare in beton nefisurat, rafturi, piloni, bariere, balustrade<br \/>\n&#8211; prev\u0103zut\u0103 cu marcaje pentru ad\u00e2ncime standard sau redus\u0103 ce ajut\u0103 la instalarea precis\u0103 a ancorei<br \/>\n&#8211; corpul format la rece asigur\u0103 precizie dimensional\u0103 constant\u0103<br \/>\n&#8211; designul R-XPT permite forarea \u0219i instalarea direct\u0103 prin dispozitivul de fixare \u0219i ajut\u0103 la reducerea timpului de instalare<br \/>\n&#8211; designul optimizat al expanderului cu 6 elemente de prindere permite o capacitate mare de \u00eenc\u0103rcare<\/p>","protected":false},"excerpt":{"rendered":"<p>M8-140mm<\/p>","protected":false},"featured_media":4461,"comment_status":"open","ping_status":"closed","template":"","meta":[],"product_brand":[],"product_cat":[52],"product_tag":[129,217,393,130,117],"class_list":{"0":"post-3557","1":"product","2":"type-product","3":"status-publish","4":"has-post-thumbnail","6":"product_cat-feronerie","7":"product_tag-ancora","8":"product_tag-clema","9":"product_tag-m8x140mm","10":"product_tag-metalica","11":"product_tag-otel","13":"first","14":"instock","15":"taxable","16":"shipping-taxable","17":"purchasable","18":"product-type-simple"},"jetpack_sharing_enabled":true,"_links":{"self":[{"href":"https:\/\/www.shopconstructmaracineni.ro\/en\/wp-json\/wp\/v2\/product\/3557","targetHints":{"allow":["GET"]}}],"collection":[{"href":"https:\/\/www.shopconstructmaracineni.ro\/en\/wp-json\/wp\/v2\/product"}],"about":[{"href":"https:\/\/www.shopconstructmaracineni.ro\/en\/wp-json\/wp\/v2\/types\/product"}],"replies":[{"embeddable":true,"href":"https:\/\/www.shopconstructmaracineni.ro\/en\/wp-json\/wp\/v2\/comments?post=3557"}],"wp:featuredmedia":[{"embeddable":true,"href":"https:\/\/www.shopconstructmaracineni.ro\/en\/wp-json\/wp\/v2\/media\/4461"}],"wp:attachment":[{"href":"https:\/\/www.shopconstructmaracineni.ro\/en\/wp-json\/wp\/v2\/media?parent=3557"}],"wp:term":[{"taxonomy":"product_brand","embeddable":true,"href":"https:\/\/www.shopconstructmaracineni.ro\/en\/wp-json\/wp\/v2\/product_brand?post=3557"},{"taxonomy":"product_cat","embeddable":true,"href":"https:\/\/www.shopconstructmaracineni.ro\/en\/wp-json\/wp\/v2\/product_cat?post=3557"},{"taxonomy":"product_tag","embeddable":true,"href":"https:\/\/www.shopconstructmaracineni.ro\/en\/wp-json\/wp\/v2\/product_tag?post=3557"}],"curies":[{"name":"wp","href":"https:\/\/api.w.org\/{rel}","templated":true}]}}