{"id":3604,"date":"2022-11-22T10:39:14","date_gmt":"2022-11-22T08:39:14","guid":{"rendered":"https:\/\/www.shopconstructmaracineni.ro\/?post_type=product&#038;p=3604"},"modified":"2023-03-10T15:11:37","modified_gmt":"2023-03-10T13:11:37","slug":"balama-poarta-incuietoare","status":"publish","type":"product","link":"https:\/\/www.shopconstructmaracineni.ro\/en\/magazin\/balama-poarta-incuietoare\/","title":{"rendered":"Balama pentru poarta cu incuietoare"},"content":{"rendered":"<p><strong>Specificatii<\/strong>:<br \/>\n&#8211; Materiale de baz\u0103: Lemn, plac\u0103 aglomerat\u0103<br \/>\n&#8211; Material, coroziune: O\u021bel, zinc galvanizat<br \/>\n&#8211; Grosime plac\u0103 metalic\u0103: 2,5 mm<br \/>\n&#8211; Lungime suport (L): 200  mm<br \/>\n&#8211; Lungime balama (B): 95 mm<br \/>\n&#8211; L\u0103\u021bime (H): 50 mm<br \/>\n&#8211; Clas\u0103 produse: Universal<\/p>\n<p><strong>Exemple de aplica\u021bii<\/strong><br \/>\n&#8211; Construc\u021bii din lemn<br \/>\n&#8211; Garduri din lemn<br \/>\n&#8211; Aplica\u021bii universale<\/p>","protected":false},"excerpt":{"rendered":"<p>Balama poarta inchizator 95,50,200<br \/>\nConceput\u0103 pentru \u00eembinarea elementelor din lemn<\/p>","protected":false},"featured_media":4506,"comment_status":"open","ping_status":"closed","template":"","meta":[],"product_brand":[],"product_cat":[52],"product_tag":[152,154,394,117,153],"class_list":{"0":"post-3604","1":"product","2":"type-product","3":"status-publish","4":"has-post-thumbnail","6":"product_cat-feronerie","7":"product_tag-balama","8":"product_tag-inchizator","9":"product_tag-incuietoare","10":"product_tag-otel","11":"product_tag-poarta","13":"first","14":"instock","15":"taxable","16":"shipping-taxable","17":"purchasable","18":"product-type-simple"},"jetpack_sharing_enabled":true,"_links":{"self":[{"href":"https:\/\/www.shopconstructmaracineni.ro\/en\/wp-json\/wp\/v2\/product\/3604","targetHints":{"allow":["GET"]}}],"collection":[{"href":"https:\/\/www.shopconstructmaracineni.ro\/en\/wp-json\/wp\/v2\/product"}],"about":[{"href":"https:\/\/www.shopconstructmaracineni.ro\/en\/wp-json\/wp\/v2\/types\/product"}],"replies":[{"embeddable":true,"href":"https:\/\/www.shopconstructmaracineni.ro\/en\/wp-json\/wp\/v2\/comments?post=3604"}],"wp:featuredmedia":[{"embeddable":true,"href":"https:\/\/www.shopconstructmaracineni.ro\/en\/wp-json\/wp\/v2\/media\/4506"}],"wp:attachment":[{"href":"https:\/\/www.shopconstructmaracineni.ro\/en\/wp-json\/wp\/v2\/media?parent=3604"}],"wp:term":[{"taxonomy":"product_brand","embeddable":true,"href":"https:\/\/www.shopconstructmaracineni.ro\/en\/wp-json\/wp\/v2\/product_brand?post=3604"},{"taxonomy":"product_cat","embeddable":true,"href":"https:\/\/www.shopconstructmaracineni.ro\/en\/wp-json\/wp\/v2\/product_cat?post=3604"},{"taxonomy":"product_tag","embeddable":true,"href":"https:\/\/www.shopconstructmaracineni.ro\/en\/wp-json\/wp\/v2\/product_tag?post=3604"}],"curies":[{"name":"wp","href":"https:\/\/api.w.org\/{rel}","templated":true}]}}