{"id":3605,"date":"2022-11-22T10:39:14","date_gmt":"2022-11-22T08:39:14","guid":{"rendered":"https:\/\/www.shopconstructmaracineni.ro\/?post_type=product&#038;p=3605"},"modified":"2023-03-10T15:13:15","modified_gmt":"2023-03-10T13:13:15","slug":"balama-inchizator-100501003","status":"publish","type":"product","link":"https:\/\/www.shopconstructmaracineni.ro\/en\/magazin\/balama-inchizator-100501003\/","title":{"rendered":"Balama pentru cufar cu incheietoare"},"content":{"rendered":"<p><strong>Specificatii<\/strong><br \/>\n&#8211; Materiale de baz\u0103: Lemn, plac\u0103 aglomerat\u0103<br \/>\n&#8211; Material, coroziune: O\u021bel, zinc galvanizat<br \/>\n&#8211; Grosime plac\u0103 metalic\u0103: 3,0 mm<br \/>\n&#8211; Lungime suport (B): 100 mm<br \/>\n&#8211; Lungime balama (H): 35 mm<br \/>\n&#8211; L\u0103\u021bime (L): 35 mm<br \/>\n&#8211; Clas\u0103 produse:Universal<br \/>\n&#8211; Suport pentru \u00eenchidere cu lac\u0103t<br \/>\n&#8211; Prev\u0103zut\u0103 cu g\u0103uri pentru o instalare precis\u0103<\/p>","protected":false},"excerpt":{"rendered":"<p>Conceput\u0103 pentru \u00eembinarea elementelor din lemn<\/p>\n<p>Balama inchizator 100X50X100X3<\/p>","protected":false},"featured_media":4504,"comment_status":"open","ping_status":"closed","template":"","meta":[],"product_brand":[],"product_cat":[52],"product_tag":[152,154],"class_list":{"0":"post-3605","1":"product","2":"type-product","3":"status-publish","4":"has-post-thumbnail","6":"product_cat-feronerie","7":"product_tag-balama","8":"product_tag-inchizator","10":"first","11":"instock","12":"taxable","13":"shipping-taxable","14":"purchasable","15":"product-type-simple"},"jetpack_sharing_enabled":true,"_links":{"self":[{"href":"https:\/\/www.shopconstructmaracineni.ro\/en\/wp-json\/wp\/v2\/product\/3605","targetHints":{"allow":["GET"]}}],"collection":[{"href":"https:\/\/www.shopconstructmaracineni.ro\/en\/wp-json\/wp\/v2\/product"}],"about":[{"href":"https:\/\/www.shopconstructmaracineni.ro\/en\/wp-json\/wp\/v2\/types\/product"}],"replies":[{"embeddable":true,"href":"https:\/\/www.shopconstructmaracineni.ro\/en\/wp-json\/wp\/v2\/comments?post=3605"}],"wp:featuredmedia":[{"embeddable":true,"href":"https:\/\/www.shopconstructmaracineni.ro\/en\/wp-json\/wp\/v2\/media\/4504"}],"wp:attachment":[{"href":"https:\/\/www.shopconstructmaracineni.ro\/en\/wp-json\/wp\/v2\/media?parent=3605"}],"wp:term":[{"taxonomy":"product_brand","embeddable":true,"href":"https:\/\/www.shopconstructmaracineni.ro\/en\/wp-json\/wp\/v2\/product_brand?post=3605"},{"taxonomy":"product_cat","embeddable":true,"href":"https:\/\/www.shopconstructmaracineni.ro\/en\/wp-json\/wp\/v2\/product_cat?post=3605"},{"taxonomy":"product_tag","embeddable":true,"href":"https:\/\/www.shopconstructmaracineni.ro\/en\/wp-json\/wp\/v2\/product_tag?post=3605"}],"curies":[{"name":"wp","href":"https:\/\/api.w.org\/{rel}","templated":true}]}}