{"id":3645,"date":"2022-11-22T10:39:21","date_gmt":"2022-11-22T08:39:21","guid":{"rendered":"https:\/\/www.shopconstructmaracineni.ro\/?post_type=product&#038;p=3645"},"modified":"2023-09-18T11:02:56","modified_gmt":"2023-09-18T08:02:56","slug":"ex9bl-n-dif-1pn-c16a-30ma","status":"publish","type":"product","link":"https:\/\/www.shopconstructmaracineni.ro\/en\/magazin\/ex9bl-n-dif-1pn-c16a-30ma\/","title":{"rendered":"EX9BL-N DIFERENTIAL 1P+N C16A 30MA NOARK"},"content":{"rendered":"<p><strong>CARACTERISTICI TEHNICE:<\/strong><\/p>\n<ul>\n<li><strong>Curent nominal<\/strong>:\u00a0 16A;<\/li>\n<li><strong>Curent rezidual nominal:\u00a0<\/strong>30mA;<\/li>\n<li><strong>Caract. declansare MCB:\u00a0<\/strong>C;<\/li>\n<li>F\u0103r\u0103 \u00eent\u00e2rziere;<\/li>\n<li>Sensibilitate la impulsuri de curent 3000 A;<\/li>\n<li>Potrivite pentru protec\u021bia persoanelor \u00eempotriva contactului direct \u0219i indirect cu piese afl ate sub tensiune \u0219i componente conductoare expuse, \u00een timpul unei defec\u021biuni;<\/li>\n<li>\u00centreruptor diferen\u021bial, de tip AC, sensibil la curent rezidual de tip c.a.;<\/li>\n<li>Selectiv cu \u00eentreruptorul diferen\u021bial RCCB de tip S sau S+A, instalat \u00een amonte.<\/li>\n<\/ul>","protected":false},"excerpt":{"rendered":"<p>BRAND: NOARK<\/p>","protected":false},"featured_media":4747,"comment_status":"open","ping_status":"closed","template":"","meta":[],"product_brand":[],"product_cat":[56,60],"product_tag":[199,195,522,198,194,166,61,561],"class_list":{"0":"post-3645","1":"product","2":"type-product","3":"status-publish","4":"has-post-thumbnail","6":"product_cat-electrice","7":"product_cat-reduceri","8":"product_tag-199","9":"product_tag-1pn","10":"product_tag-30ma","11":"product_tag-c16a","12":"product_tag-diferential","13":"product_tag-noark","14":"product_tag-promotii","15":"product_tag-reducere","17":"first","18":"instock","19":"sale","20":"taxable","21":"shipping-taxable","22":"purchasable","23":"product-type-simple"},"jetpack_sharing_enabled":true,"_links":{"self":[{"href":"https:\/\/www.shopconstructmaracineni.ro\/en\/wp-json\/wp\/v2\/product\/3645","targetHints":{"allow":["GET"]}}],"collection":[{"href":"https:\/\/www.shopconstructmaracineni.ro\/en\/wp-json\/wp\/v2\/product"}],"about":[{"href":"https:\/\/www.shopconstructmaracineni.ro\/en\/wp-json\/wp\/v2\/types\/product"}],"replies":[{"embeddable":true,"href":"https:\/\/www.shopconstructmaracineni.ro\/en\/wp-json\/wp\/v2\/comments?post=3645"}],"wp:featuredmedia":[{"embeddable":true,"href":"https:\/\/www.shopconstructmaracineni.ro\/en\/wp-json\/wp\/v2\/media\/4747"}],"wp:attachment":[{"href":"https:\/\/www.shopconstructmaracineni.ro\/en\/wp-json\/wp\/v2\/media?parent=3645"}],"wp:term":[{"taxonomy":"product_brand","embeddable":true,"href":"https:\/\/www.shopconstructmaracineni.ro\/en\/wp-json\/wp\/v2\/product_brand?post=3645"},{"taxonomy":"product_cat","embeddable":true,"href":"https:\/\/www.shopconstructmaracineni.ro\/en\/wp-json\/wp\/v2\/product_cat?post=3645"},{"taxonomy":"product_tag","embeddable":true,"href":"https:\/\/www.shopconstructmaracineni.ro\/en\/wp-json\/wp\/v2\/product_tag?post=3645"}],"curies":[{"name":"wp","href":"https:\/\/api.w.org\/{rel}","templated":true}]}}