{"id":3921,"date":"2022-11-22T10:40:15","date_gmt":"2022-11-22T08:40:15","guid":{"rendered":"https:\/\/www.shopconstructmaracineni.ro\/?post_type=product&#038;p=3921"},"modified":"2023-03-24T16:26:56","modified_gmt":"2023-03-24T14:26:56","slug":"motoburghiu-cu-motor-termic-in-2-timpi-hyundai","status":"publish","type":"product","link":"https:\/\/www.shopconstructmaracineni.ro\/en\/magazin\/motoburghiu-cu-motor-termic-in-2-timpi-hyundai\/","title":{"rendered":"MOTOBURGHIU CU MOTOR TERMIC IN 2 TIMPI HYUNDAI"},"content":{"rendered":"<div><b>Specificatii tehnice:<\/b><\/div>\n<ul>\n<li>Control u\u0219or datorit\u0103 greut\u0103\u021bii reduse<\/li>\n<li>Echipat cu tehnologie de pornire u\u0219oar\u0103<\/li>\n<li>Motorul este mai u\u0219or \u0219i mai rapid de pornit.<\/li>\n<li>Motoburghiul HYUNDAI HYEA5080 este construit pentru a p\u0103trunde rapid \u00een p\u0103m\u00e2nt \u0219i, datorit\u0103 puterii sale, este potrivit pentru p\u0103m\u00e2nt solid<\/li>\n<li>Motoburghiul HYUNDAI HYEA5080 ofer\u0103 un control convenabil la \u00eendem\u00e2n\u0103, echipat cu reductor de viteze pentru o performan\u021b\u0103 mai bun\u0103 de g\u0103urire, iar angrenajele din o\u021bel asigur\u0103 fiabilitate maxim\u0103 \u0219i men\u021bin o durabilitate ridicat\u0103<\/li>\n<li>Este ideal pentru g\u0103urirea \u00een p\u0103m\u00e2nt, pentru a a\u0219eza st\u00e2lpi de gard, copaci, arbu\u0219ti \u0219i cioturi de funda\u021bie at\u00e2t pentru medii domestice, c\u00e2t \u0219i profesionale<\/li>\n<li>Motoburghiul HYUNDAI HYEA5080 este echipat cu un sistem anti-vibra\u021bii complet \u00eenchis pentru a reduce stresul \u0219i oboseala la bra\u021bele \u0219i la spatele<\/li>\n<li>Fiabil \u0219i u\u0219or de pornit, HYEA5080 este echipat cu un ghidon mare care reduce vibra\u021biile, care permite controlul absolut al nivelului \u0219i ad\u00e2ncimii melcului<\/li>\n<\/ul>","protected":false},"excerpt":{"rendered":"<div><b>Set de livrare:<\/b><\/div>\n<ul>\n<li>3 burghie cu diametre de 100, 150 \u0219i 200 mm \u0219i lungime 800 mm<\/li>\n<\/ul>","protected":false},"featured_media":4630,"comment_status":"open","ping_status":"closed","template":"","meta":[],"product_brand":[],"product_cat":[64],"product_tag":[320,331],"class_list":{"0":"post-3921","1":"product","2":"type-product","3":"status-publish","4":"has-post-thumbnail","6":"product_cat-unelte","7":"product_tag-hyundai","8":"product_tag-motoburghiu","10":"first","11":"instock","12":"taxable","13":"shipping-taxable","14":"purchasable","15":"product-type-simple"},"jetpack_sharing_enabled":true,"_links":{"self":[{"href":"https:\/\/www.shopconstructmaracineni.ro\/en\/wp-json\/wp\/v2\/product\/3921","targetHints":{"allow":["GET"]}}],"collection":[{"href":"https:\/\/www.shopconstructmaracineni.ro\/en\/wp-json\/wp\/v2\/product"}],"about":[{"href":"https:\/\/www.shopconstructmaracineni.ro\/en\/wp-json\/wp\/v2\/types\/product"}],"replies":[{"embeddable":true,"href":"https:\/\/www.shopconstructmaracineni.ro\/en\/wp-json\/wp\/v2\/comments?post=3921"}],"wp:featuredmedia":[{"embeddable":true,"href":"https:\/\/www.shopconstructmaracineni.ro\/en\/wp-json\/wp\/v2\/media\/4630"}],"wp:attachment":[{"href":"https:\/\/www.shopconstructmaracineni.ro\/en\/wp-json\/wp\/v2\/media?parent=3921"}],"wp:term":[{"taxonomy":"product_brand","embeddable":true,"href":"https:\/\/www.shopconstructmaracineni.ro\/en\/wp-json\/wp\/v2\/product_brand?post=3921"},{"taxonomy":"product_cat","embeddable":true,"href":"https:\/\/www.shopconstructmaracineni.ro\/en\/wp-json\/wp\/v2\/product_cat?post=3921"},{"taxonomy":"product_tag","embeddable":true,"href":"https:\/\/www.shopconstructmaracineni.ro\/en\/wp-json\/wp\/v2\/product_tag?post=3921"}],"curies":[{"name":"wp","href":"https:\/\/api.w.org\/{rel}","templated":true}]}}