{"id":3927,"date":"2022-11-22T10:40:16","date_gmt":"2022-11-22T08:40:16","guid":{"rendered":"https:\/\/www.shopconstructmaracineni.ro\/?post_type=product&#038;p=3927"},"modified":"2023-06-08T16:26:31","modified_gmt":"2023-06-08T13:26:31","slug":"masina-de-tuns-gazon-cu-motor-termic-hyundai","status":"publish","type":"product","link":"https:\/\/www.shopconstructmaracineni.ro\/en\/magazin\/masina-de-tuns-gazon-cu-motor-termic-hyundai\/","title":{"rendered":"MASINA DE TUNS GAZON CU MOTOR TERMIC PE BENZINA HYUNDAI"},"content":{"rendered":"<p><strong>Specificatii<\/strong>:<br \/>\n&#8211; Actionare \/ Alimentare: Motor termic 4 timpi<br \/>\n&#8211; Autopropulsie: Da<br \/>\n&#8211; Capacitate cilindrica motor: 139 cmc<br \/>\n&#8211; Capacitate cos colector iarba (l): 65<br \/>\n&#8211; Greutate (kg): 30<br \/>\n&#8211; Inaltime maxima taiere (mm): 75<br \/>\n&#8211; Inaltime taiere (mm): 25 &#8211; 75<br \/>\n&#8211; Latime de taiere (cm): 46<br \/>\n&#8211; Model motor: Hyundai HY139V<br \/>\n&#8211; Putere: 2.6 kW \/ 3.5 CP<br \/>\n&#8211; Subgrupa: Iarba \/ Gazon<br \/>\n&#8211; Trepte reglaj inaltime de taiere: 6<\/p>\n<p><strong>Descriere<\/strong>:<br \/>\n&#8211; Masina de tuns gazonul cu motor pe benzina<br \/>\n&#8211; Carcasa din o\u021bel robust\u0103, rezistent\u0103 la coroziune, rezist\u0103 chiar \u0219i la cele mai dificile condi\u021bii<br \/>\n&#8211; Este echipata cu toate func\u021biile de baz\u0103 necesare \u0219i este proiectat pentru peluze de dimensiuni medii\/mari<br \/>\n&#8211; Motorul economic \u00een 4 timpi HYUNDAI este puternic, silen\u021bios \u0219i extrem de fiabil<br \/>\n&#8211; \u00cen\u0103l\u021bimea de t\u0103iere se regleaza centralizat de la un singur maner \u00een 6 trepte, \u00een intervalul de 25-75 mm<br \/>\n&#8211; Roti mari in partea din spate pentru o manevrare usoara<br \/>\n&#8211; Masina autotractata<br \/>\n&#8211; Functie de mulcire ( evacuare laterala a ierbii taiate )<\/p>","protected":false},"excerpt":{"rendered":"<p><strong>Avantaje<\/strong>:<br \/>\nMotor puternic<br \/>\nRecomandat pentru suprafete de gazon de pana la 500 m\u00b2<br \/>\n6 niveluri de reglare a inaltimii<br \/>\nCo\u0219 colector de mare dimensiune<\/p>","protected":false},"featured_media":4380,"comment_status":"open","ping_status":"closed","template":"","meta":[],"product_brand":[],"product_cat":[64],"product_tag":[339,320,324,359,360,338],"class_list":{"0":"post-3927","1":"product","2":"type-product","3":"status-publish","4":"has-post-thumbnail","6":"product_cat-unelte","7":"product_tag-gazon","8":"product_tag-hyundai","9":"product_tag-masina","10":"product_tag-motor-termic","11":"product_tag-pe-benzina","12":"product_tag-tuns","14":"first","15":"instock","16":"taxable","17":"shipping-taxable","18":"purchasable","19":"product-type-simple"},"jetpack_sharing_enabled":true,"_links":{"self":[{"href":"https:\/\/www.shopconstructmaracineni.ro\/en\/wp-json\/wp\/v2\/product\/3927","targetHints":{"allow":["GET"]}}],"collection":[{"href":"https:\/\/www.shopconstructmaracineni.ro\/en\/wp-json\/wp\/v2\/product"}],"about":[{"href":"https:\/\/www.shopconstructmaracineni.ro\/en\/wp-json\/wp\/v2\/types\/product"}],"replies":[{"embeddable":true,"href":"https:\/\/www.shopconstructmaracineni.ro\/en\/wp-json\/wp\/v2\/comments?post=3927"}],"wp:featuredmedia":[{"embeddable":true,"href":"https:\/\/www.shopconstructmaracineni.ro\/en\/wp-json\/wp\/v2\/media\/4380"}],"wp:attachment":[{"href":"https:\/\/www.shopconstructmaracineni.ro\/en\/wp-json\/wp\/v2\/media?parent=3927"}],"wp:term":[{"taxonomy":"product_brand","embeddable":true,"href":"https:\/\/www.shopconstructmaracineni.ro\/en\/wp-json\/wp\/v2\/product_brand?post=3927"},{"taxonomy":"product_cat","embeddable":true,"href":"https:\/\/www.shopconstructmaracineni.ro\/en\/wp-json\/wp\/v2\/product_cat?post=3927"},{"taxonomy":"product_tag","embeddable":true,"href":"https:\/\/www.shopconstructmaracineni.ro\/en\/wp-json\/wp\/v2\/product_tag?post=3927"}],"curies":[{"name":"wp","href":"https:\/\/api.w.org\/{rel}","templated":true}]}}