{"id":3932,"date":"2022-11-22T10:40:20","date_gmt":"2022-11-22T08:40:20","guid":{"rendered":"https:\/\/www.shopconstructmaracineni.ro\/?post_type=product&#038;p=3932"},"modified":"2023-06-08T16:23:03","modified_gmt":"2023-06-08T13:23:03","slug":"slefuitor-cu-vibratii-hyundai","status":"publish","type":"product","link":"https:\/\/www.shopconstructmaracineni.ro\/en\/magazin\/slefuitor-cu-vibratii-hyundai\/","title":{"rendered":"SLEFUITOR CU VIBRATII HYUNDAI"},"content":{"rendered":"<p><strong>Specificatii<\/strong>:<br \/>\n&#8211; Dimensiuni talpa (mm): 93 x 186<br \/>\n&#8211; Greutate (kg): 1.9<br \/>\n&#8211; Putere (W): 240<\/p>\n<p><strong>Avantaje<\/strong>:<br \/>\n&#8211; Destinat \u0219lefuirii suprafe\u021belor din lemn \u0219i metal<br \/>\n&#8211; U\u0219or de utilizat<br \/>\n&#8211; Design compact care faciliteaz\u0103 manevrabilitatea<\/p>\n<p><strong>Descriere<\/strong>:<br \/>\n&#8211; \u0218lefuitorul cu vibratii HYUNDAI HY-OS 186 a fost proiectat exclusiv pentru \u0219lefuirea uscat\u0103 cu foi abrazive de granula\u021bie potrivit\u0103 a suprafe\u021belor plane din lemn sau metal. De asemenea, acest aparat electric poate fi folosit la \u00eendep\u0103rtarea straturilor de vopsea veche sau a ruginii \u00een vederea preg\u0103tirii suprafe\u021belor pentru vopsire sau pulverizare.<br \/>\n&#8211;  \u0218lefuirea se va executa prin mi\u0219c\u0103ri circulare, f\u0103r\u0103 aplicarea presiunii suplimentare asupra lui.<br \/>\n&#8211;  Este recomandat s\u0103 folosi\u021bi h\u00e2rtie abraziv\u0103 de granula\u021bie din ce \u00een ce mai mic\u0103 pentru ob\u021binerea unor suprafe\u021be netede, iar \u0219lefuitorul trebuie periodic cur\u0103\u021bat de praful depus cu o perie uscat\u0103.<\/p>","protected":false},"excerpt":{"rendered":"<p><strong>Set de livrare:<\/strong>:<br \/>\n2 X coli de hartie pentru slefuire<br \/>\nSac colector pentru praf<\/p>","protected":false},"featured_media":4371,"comment_status":"open","ping_status":"closed","template":"","meta":[],"product_brand":[],"product_cat":[64],"product_tag":[320,357,346],"class_list":{"0":"post-3932","1":"product","2":"type-product","3":"status-publish","4":"has-post-thumbnail","6":"product_cat-unelte","7":"product_tag-hyundai","8":"product_tag-scule-electrice","9":"product_tag-slefuitor","11":"first","12":"instock","13":"taxable","14":"shipping-taxable","15":"purchasable","16":"product-type-simple"},"jetpack_sharing_enabled":true,"_links":{"self":[{"href":"https:\/\/www.shopconstructmaracineni.ro\/en\/wp-json\/wp\/v2\/product\/3932","targetHints":{"allow":["GET"]}}],"collection":[{"href":"https:\/\/www.shopconstructmaracineni.ro\/en\/wp-json\/wp\/v2\/product"}],"about":[{"href":"https:\/\/www.shopconstructmaracineni.ro\/en\/wp-json\/wp\/v2\/types\/product"}],"replies":[{"embeddable":true,"href":"https:\/\/www.shopconstructmaracineni.ro\/en\/wp-json\/wp\/v2\/comments?post=3932"}],"wp:featuredmedia":[{"embeddable":true,"href":"https:\/\/www.shopconstructmaracineni.ro\/en\/wp-json\/wp\/v2\/media\/4371"}],"wp:attachment":[{"href":"https:\/\/www.shopconstructmaracineni.ro\/en\/wp-json\/wp\/v2\/media?parent=3932"}],"wp:term":[{"taxonomy":"product_brand","embeddable":true,"href":"https:\/\/www.shopconstructmaracineni.ro\/en\/wp-json\/wp\/v2\/product_brand?post=3932"},{"taxonomy":"product_cat","embeddable":true,"href":"https:\/\/www.shopconstructmaracineni.ro\/en\/wp-json\/wp\/v2\/product_cat?post=3932"},{"taxonomy":"product_tag","embeddable":true,"href":"https:\/\/www.shopconstructmaracineni.ro\/en\/wp-json\/wp\/v2\/product_tag?post=3932"}],"curies":[{"name":"wp","href":"https:\/\/api.w.org\/{rel}","templated":true}]}}